{"id":574,"date":"2021-02-23T10:04:36","date_gmt":"2021-02-23T10:04:36","guid":{"rendered":"https:\/\/transexpresslimo.com\/about-us\/"},"modified":"2023-10-20T02:44:57","modified_gmt":"2023-10-20T05:44:57","slug":"about-us","status":"publish","type":"page","link":"https:\/\/transexpresslimo.com\/pt\/about-us\/","title":{"rendered":"Sobre n\u00f3s"},"content":{"rendered":"<div data-elementor-type=\"wp-page\" data-elementor-id=\"574\" class=\"elementor elementor-574\" data-elementor-post-type=\"page\">\n\t\t\t\t<div class=\"elementor-element elementor-element-0926dd6 e-con-full e-flex e-con e-parent\" data-id=\"0926dd6\" data-element_type=\"container\" data-settings=\"{&quot;background_background&quot;:&quot;classic&quot;}\">\n\t\t<div class=\"elementor-element elementor-element-530074c e-con-full e-flex e-con e-child\" data-id=\"530074c\" data-element_type=\"container\">\n\t\t\t\t<div class=\"elementor-element elementor-element-eaf4218 elementor-widget elementor-widget-heading\" data-id=\"eaf4218\" data-element_type=\"widget\" data-widget_type=\"heading.default\">\n\t\t\t\t<div class=\"elementor-widget-container\">\n\t\t\t\t\t<h2 class=\"elementor-heading-title elementor-size-default\">Sobre n\u00f3s<\/h2>\t\t\t\t<\/div>\n\t\t\t\t<\/div>\n\t\t\t\t<\/div>\n\t\t\t\t<\/div>\n\t\t<div class=\"elementor-element elementor-element-f87781e e-flex e-con-boxed e-con e-parent\" data-id=\"f87781e\" data-element_type=\"container\" data-settings=\"{&quot;background_background&quot;:&quot;classic&quot;}\">\n\t\t\t\t\t<div class=\"e-con-inner\">\n\t\t<div class=\"elementor-element elementor-element-3e3f294 e-con-full e-flex e-con e-child\" data-id=\"3e3f294\" data-element_type=\"container\">\n\t\t\t\t<div class=\"elementor-element elementor-element-201f226 elementor-headline--style-highlight elementor-widget elementor-widget-animated-headline\" data-id=\"201f226\" data-element_type=\"widget\" data-settings=\"{&quot;highlighted_text&quot;:&quot;The Marx Global&quot;,&quot;marker&quot;:&quot;underline_zigzag&quot;,&quot;headline_style&quot;:&quot;highlight&quot;,&quot;loop&quot;:&quot;yes&quot;,&quot;highlight_animation_duration&quot;:1200,&quot;highlight_iteration_delay&quot;:8000}\" data-widget_type=\"animated-headline.default\">\n\t\t\t\t<div class=\"elementor-widget-container\">\n\t\t\t\t\t\t\t<h3 class=\"elementor-headline\">\n\t\t\t\t<span class=\"elementor-headline-dynamic-wrapper elementor-headline-text-wrapper\">\n\t\t\t\t\t<span class=\"elementor-headline-dynamic-text elementor-headline-text-active\">The Marx Global<\/span>\n\t\t\t\t<\/span>\n\t\t\t\t\t<span class=\"elementor-headline-plain-text elementor-headline-text-wrapper\">LLC<\/span>\n\t\t\t\t\t<\/h3>\n\t\t\t\t\t\t<\/div>\n\t\t\t\t<\/div>\n\t\t\t\t<div class=\"elementor-element elementor-element-efbf33c elementor-widget__width-initial elementor-widget elementor-widget-text-editor\" data-id=\"efbf33c\" data-element_type=\"widget\" data-widget_type=\"text-editor.default\">\n\t\t\t\t<div class=\"elementor-widget-container\">\n\t\t\t\t\t\t\t\t\t<p>A Marx Global \u00e9 uma empresa formada por profissionais gabaritados com mais de 20 anos de experi\u00eancia, e comprometidos a fazerem a diferen\u00e7a no setor de transporte com a qualidade \u00fanica de atender \u00e0s necessidades de cada cliente. Combina- mos experi\u00eancia, recursos e um conjunto de habilidades que atendem as mais exigentes demandas de passageiros ou empresas, proporcionando um servi\u00e7o personalizado.<br \/>A Marx Global tem como fundamento tr\u00eas conceitos b\u00e1sicos:<\/p>\t\t\t\t\t\t\t\t<\/div>\n\t\t\t\t<\/div>\n\t\t\t\t<div class=\"elementor-element elementor-element-071d179 elementor-align-left elementor-icon-list--layout-traditional elementor-list-item-link-full_width elementor-widget elementor-widget-icon-list\" data-id=\"071d179\" data-element_type=\"widget\" data-widget_type=\"icon-list.default\">\n\t\t\t\t<div class=\"elementor-widget-container\">\n\t\t\t\t\t\t\t<ul class=\"elementor-icon-list-items\">\n\t\t\t\t\t\t\t<li class=\"elementor-icon-list-item\">\n\t\t\t\t\t\t\t\t\t\t\t<span class=\"elementor-icon-list-icon\">\n\t\t\t\t\t\t\t<i aria-hidden=\"true\" class=\"fas fa-check\"><\/i>\t\t\t\t\t\t<\/span>\n\t\t\t\t\t\t\t\t\t\t<span class=\"elementor-icon-list-text\">Controle de comunica\u00e7\u00e3o cont\u00ednua entre nossos atendentes, motoristas e passageiros. <\/span>\n\t\t\t\t\t\t\t\t\t<\/li>\n\t\t\t\t\t\t\t\t<li class=\"elementor-icon-list-item\">\n\t\t\t\t\t\t\t\t\t\t\t<span class=\"elementor-icon-list-icon\">\n\t\t\t\t\t\t\t<i aria-hidden=\"true\" class=\"fas fa-check\"><\/i>\t\t\t\t\t\t<\/span>\n\t\t\t\t\t\t\t\t\t\t<span class=\"elementor-icon-list-text\">Atendimento personalizado 24 horas.<\/span>\n\t\t\t\t\t\t\t\t\t<\/li>\n\t\t\t\t\t\t\t\t<li class=\"elementor-icon-list-item\">\n\t\t\t\t\t\t\t\t\t\t\t<span class=\"elementor-icon-list-icon\">\n\t\t\t\t\t\t\t<i aria-hidden=\"true\" class=\"fas fa-check\"><\/i>\t\t\t\t\t\t<\/span>\n\t\t\t\t\t\t\t\t\t\t<span class=\"elementor-icon-list-text\">Flexibilidade para atender \u00e0s metas e necessidades de transporte da sua empre-sa.<\/span>\n\t\t\t\t\t\t\t\t\t<\/li>\n\t\t\t\t\t\t<\/ul>\n\t\t\t\t\t\t<\/div>\n\t\t\t\t<\/div>\n\t\t\t\t<div class=\"elementor-element elementor-element-3768b29 elementor-widget__width-initial elementor-widget elementor-widget-text-editor\" data-id=\"3768b29\" data-element_type=\"widget\" data-widget_type=\"text-editor.default\">\n\t\t\t\t<div class=\"elementor-widget-container\">\n\t\t\t\t\t\t\t\t\t<p>A Marx Global se compromete \u00e0 atender com um alto padr\u00e3o de qualidade, empre- sas de qualquer porte.<\/p>\t\t\t\t\t\t\t\t<\/div>\n\t\t\t\t<\/div>\n\t\t\t\t<\/div>\n\t\t<div class=\"elementor-element elementor-element-e21c7a3 e-con-full e-flex e-con e-child\" data-id=\"e21c7a3\" data-element_type=\"container\">\n\t\t\t\t<div class=\"elementor-element elementor-element-8b59762 elementor-widget__width-initial elementor-widget-tablet__width-inherit elementor-invisible elementor-widget elementor-widget-image\" data-id=\"8b59762\" data-element_type=\"widget\" data-settings=\"{&quot;_animation&quot;:&quot;zoomIn&quot;}\" data-widget_type=\"image.default\">\n\t\t\t\t<div class=\"elementor-widget-container\">\n\t\t\t\t\t\t\t\t\t\t\t\t\t\t\t<img fetchpriority=\"high\" decoding=\"async\" width=\"1932\" height=\"1108\" src=\"https:\/\/transexpresslimo.com\/wp-content\/uploads\/2023\/09\/Screenshot-2023-09-22-at-2.42.43-AM.png\" class=\"attachment-full size-full wp-image-627\" alt=\"\" srcset=\"https:\/\/transexpresslimo.com\/wp-content\/uploads\/2023\/09\/Screenshot-2023-09-22-at-2.42.43-AM.png 1932w, https:\/\/transexpresslimo.com\/wp-content\/uploads\/2023\/09\/Screenshot-2023-09-22-at-2.42.43-AM-600x344.png 600w, https:\/\/transexpresslimo.com\/wp-content\/uploads\/2023\/09\/Screenshot-2023-09-22-at-2.42.43-AM-300x172.png 300w, https:\/\/transexpresslimo.com\/wp-content\/uploads\/2023\/09\/Screenshot-2023-09-22-at-2.42.43-AM-1024x587.png 1024w, https:\/\/transexpresslimo.com\/wp-content\/uploads\/2023\/09\/Screenshot-2023-09-22-at-2.42.43-AM-768x440.png 768w, https:\/\/transexpresslimo.com\/wp-content\/uploads\/2023\/09\/Screenshot-2023-09-22-at-2.42.43-AM-1536x881.png 1536w\" sizes=\"(max-width: 1932px) 100vw, 1932px\" \/>\t\t\t\t\t\t\t\t\t\t\t\t\t\t\t<\/div>\n\t\t\t\t<\/div>\n\t\t\t\t<div class=\"elementor-element elementor-element-6a40974 elementor-widget__width-initial elementor-widget-tablet__width-inherit elementor-invisible elementor-widget elementor-widget-image\" data-id=\"6a40974\" data-element_type=\"widget\" data-settings=\"{&quot;_animation&quot;:&quot;zoomIn&quot;}\" data-widget_type=\"image.default\">\n\t\t\t\t<div class=\"elementor-widget-container\">\n\t\t\t\t\t\t\t\t\t\t\t\t\t\t\t<img decoding=\"async\" width=\"612\" height=\"408\" src=\"https:\/\/transexpresslimo.com\/wp-content\/uploads\/2023\/09\/truck.png\" class=\"attachment-full size-full wp-image-883\" alt=\"\" srcset=\"https:\/\/transexpresslimo.com\/wp-content\/uploads\/2023\/09\/truck.png 612w, https:\/\/transexpresslimo.com\/wp-content\/uploads\/2023\/09\/truck-600x400.png 600w, https:\/\/transexpresslimo.com\/wp-content\/uploads\/2023\/09\/truck-300x200.png 300w\" sizes=\"(max-width: 612px) 100vw, 612px\" \/>\t\t\t\t\t\t\t\t\t\t\t\t\t\t\t<\/div>\n\t\t\t\t<\/div>\n\t\t\t\t<\/div>\n\t\t\t\t\t<\/div>\n\t\t\t\t<\/div>\n\t\t\t\t<section class=\"elementor-section elementor-top-section elementor-element elementor-element-7d11acc elementor-reverse-mobile elementor-section-boxed elementor-section-height-default elementor-section-height-default\" data-id=\"7d11acc\" data-element_type=\"section\">\n\t\t\t\t\t\t<div class=\"elementor-container elementor-column-gap-no\">\n\t\t\t\t\t<div class=\"elementor-column elementor-col-33 elementor-top-column elementor-element elementor-element-08aecff\" data-id=\"08aecff\" data-element_type=\"column\">\n\t\t\t<div class=\"elementor-widget-wrap elementor-element-populated\">\n\t\t\t\t\t\t<div class=\"elementor-element elementor-element-69d3757 elementor-widget elementor-widget-image\" data-id=\"69d3757\" data-element_type=\"widget\" data-widget_type=\"image.default\">\n\t\t\t\t<div class=\"elementor-widget-container\">\n\t\t\t\t\t\t\t\t\t\t\t\t\t\t\t<img decoding=\"async\" width=\"671\" height=\"1080\" src=\"https:\/\/transexpresslimo.com\/wp-content\/uploads\/2021\/02\/bg-06-free-img.jpg\" class=\"attachment-full size-full wp-image-407\" alt=\"Background Image\" srcset=\"https:\/\/transexpresslimo.com\/wp-content\/uploads\/2021\/02\/bg-06-free-img.jpg 671w, https:\/\/transexpresslimo.com\/wp-content\/uploads\/2021\/02\/bg-06-free-img-600x966.jpg 600w, https:\/\/transexpresslimo.com\/wp-content\/uploads\/2021\/02\/bg-06-free-img-186x300.jpg 186w, https:\/\/transexpresslimo.com\/wp-content\/uploads\/2021\/02\/bg-06-free-img-636x1024.jpg 636w\" sizes=\"(max-width: 671px) 100vw, 671px\" \/>\t\t\t\t\t\t\t\t\t\t\t\t\t\t\t<\/div>\n\t\t\t\t<\/div>\n\t\t\t\t\t<\/div>\n\t\t<\/div>\n\t\t\t\t<div class=\"elementor-column elementor-col-66 elementor-top-column elementor-element elementor-element-7cb0483\" data-id=\"7cb0483\" data-element_type=\"column\">\n\t\t\t<div class=\"elementor-widget-wrap elementor-element-populated\">\n\t\t\t\t\t\t<section class=\"elementor-section elementor-inner-section elementor-element elementor-element-5e85109 elementor-section-boxed elementor-section-height-default elementor-section-height-default\" data-id=\"5e85109\" data-element_type=\"section\">\n\t\t\t\t\t\t<div class=\"elementor-container elementor-column-gap-no\">\n\t\t\t\t\t<div class=\"elementor-column elementor-col-100 elementor-inner-column elementor-element elementor-element-835f774\" data-id=\"835f774\" data-element_type=\"column\">\n\t\t\t<div class=\"elementor-widget-wrap elementor-element-populated\">\n\t\t\t\t\t\t<div class=\"elementor-element elementor-element-f6a4f85 elementor-widget elementor-widget-heading\" data-id=\"f6a4f85\" data-element_type=\"widget\" data-widget_type=\"heading.default\">\n\t\t\t\t<div class=\"elementor-widget-container\">\n\t\t\t\t\t<h6 class=\"elementor-heading-title elementor-size-default\">Porque escolher-nos<\/h6>\t\t\t\t<\/div>\n\t\t\t\t<\/div>\n\t\t\t\t<div class=\"elementor-element elementor-element-45d6106 elementor-widget elementor-widget-heading\" data-id=\"45d6106\" data-element_type=\"widget\" data-widget_type=\"heading.default\">\n\t\t\t\t<div class=\"elementor-widget-container\">\n\t\t\t\t\t<h2 class=\"elementor-heading-title elementor-size-default\">Swift Logistics &amp; Limo Services <\/h2>\t\t\t\t<\/div>\n\t\t\t\t<\/div>\n\t\t\t\t<div class=\"elementor-element elementor-element-d65540c elementor-widget elementor-widget-text-editor\" data-id=\"d65540c\" data-element_type=\"widget\" data-widget_type=\"text-editor.default\">\n\t\t\t\t<div class=\"elementor-widget-container\">\n\t\t\t\t\t\t\t\t\t<p>Oferecemos os melhores servi\u00e7os de transporte e passeio de limusine. Com mais de 20 anos de profici\u00eancia na \u00e1rea, a Global Marx tem a capacidade \u00fanica de antecipar as necessidades de cada cliente<\/p>\t\t\t\t\t\t\t\t<\/div>\n\t\t\t\t<\/div>\n\t\t\t\t\t<\/div>\n\t\t<\/div>\n\t\t\t\t\t<\/div>\n\t\t<\/section>\n\t\t\t\t<section class=\"elementor-section elementor-inner-section elementor-element elementor-element-81e9322 elementor-section-boxed elementor-section-height-default elementor-section-height-default\" data-id=\"81e9322\" data-element_type=\"section\">\n\t\t\t\t\t\t<div class=\"elementor-container elementor-column-gap-no\">\n\t\t\t\t\t<div class=\"elementor-column elementor-col-25 elementor-inner-column elementor-element elementor-element-f337214\" data-id=\"f337214\" data-element_type=\"column\">\n\t\t\t<div class=\"elementor-widget-wrap elementor-element-populated\">\n\t\t\t\t\t\t<div class=\"elementor-element elementor-element-2b8d12b elementor-widget elementor-widget-heading\" data-id=\"2b8d12b\" data-element_type=\"widget\" data-widget_type=\"heading.default\">\n\t\t\t\t<div class=\"elementor-widget-container\">\n\t\t\t\t\t<h2 class=\"elementor-heading-title elementor-size-default\">1.<\/h2>\t\t\t\t<\/div>\n\t\t\t\t<\/div>\n\t\t\t\t<div class=\"elementor-element elementor-element-c09f963 elementor-widget elementor-widget-heading\" data-id=\"c09f963\" data-element_type=\"widget\" data-widget_type=\"heading.default\">\n\t\t\t\t<div class=\"elementor-widget-container\">\n\t\t\t\t\t<h5 class=\"elementor-heading-title elementor-size-default\">Motorista profissional<\/h5>\t\t\t\t<\/div>\n\t\t\t\t<\/div>\n\t\t\t\t\t<\/div>\n\t\t<\/div>\n\t\t\t\t<div class=\"elementor-column elementor-col-25 elementor-inner-column elementor-element elementor-element-ebd9bc0\" data-id=\"ebd9bc0\" data-element_type=\"column\">\n\t\t\t<div class=\"elementor-widget-wrap elementor-element-populated\">\n\t\t\t\t\t\t<div class=\"elementor-element elementor-element-6adaa68 elementor-widget elementor-widget-heading\" data-id=\"6adaa68\" data-element_type=\"widget\" data-widget_type=\"heading.default\">\n\t\t\t\t<div class=\"elementor-widget-container\">\n\t\t\t\t\t<h2 class=\"elementor-heading-title elementor-size-default\">2.<\/h2>\t\t\t\t<\/div>\n\t\t\t\t<\/div>\n\t\t\t\t<div class=\"elementor-element elementor-element-dbff9cb elementor-widget elementor-widget-heading\" data-id=\"dbff9cb\" data-element_type=\"widget\" data-widget_type=\"heading.default\">\n\t\t\t\t<div class=\"elementor-widget-container\">\n\t\t\t\t\t<h5 class=\"elementor-heading-title elementor-size-default translation-block\">Pre\u00e7o Fixo e B\u00f4nus<\/h5>\t\t\t\t<\/div>\n\t\t\t\t<\/div>\n\t\t\t\t\t<\/div>\n\t\t<\/div>\n\t\t\t\t<div class=\"elementor-column elementor-col-25 elementor-inner-column elementor-element elementor-element-a15fea2\" data-id=\"a15fea2\" data-element_type=\"column\">\n\t\t\t<div class=\"elementor-widget-wrap elementor-element-populated\">\n\t\t\t\t\t\t<div class=\"elementor-element elementor-element-8ed903e elementor-widget elementor-widget-heading\" data-id=\"8ed903e\" data-element_type=\"widget\" data-widget_type=\"heading.default\">\n\t\t\t\t<div class=\"elementor-widget-container\">\n\t\t\t\t\t<h2 class=\"elementor-heading-title elementor-size-default\">3.<\/h2>\t\t\t\t<\/div>\n\t\t\t\t<\/div>\n\t\t\t\t<div class=\"elementor-element elementor-element-474f94d elementor-widget elementor-widget-heading\" data-id=\"474f94d\" data-element_type=\"widget\" data-widget_type=\"heading.default\">\n\t\t\t\t<div class=\"elementor-widget-container\">\n\t\t\t\t\t<h5 class=\"elementor-heading-title elementor-size-default\">Entrega r\u00e1pida de carro\nServi\u00e7o<\/h5>\t\t\t\t<\/div>\n\t\t\t\t<\/div>\n\t\t\t\t\t<\/div>\n\t\t<\/div>\n\t\t\t\t<div class=\"elementor-column elementor-col-25 elementor-inner-column elementor-element elementor-element-7248db7\" data-id=\"7248db7\" data-element_type=\"column\">\n\t\t\t<div class=\"elementor-widget-wrap elementor-element-populated\">\n\t\t\t\t\t\t<div class=\"elementor-element elementor-element-0aa7427 elementor-widget elementor-widget-heading\" data-id=\"0aa7427\" data-element_type=\"widget\" data-widget_type=\"heading.default\">\n\t\t\t\t<div class=\"elementor-widget-container\">\n\t\t\t\t\t<h2 class=\"elementor-heading-title elementor-size-default\">4.<\/h2>\t\t\t\t<\/div>\n\t\t\t\t<\/div>\n\t\t\t\t<div class=\"elementor-element elementor-element-b82a2d8 elementor-widget elementor-widget-heading\" data-id=\"b82a2d8\" data-element_type=\"widget\" data-widget_type=\"heading.default\">\n\t\t\t\t<div class=\"elementor-widget-container\">\n\t\t\t\t\t<h5 class=\"elementor-heading-title elementor-size-default\">Sele\u00e7\u00e3o de carros de luxo<\/h5>\t\t\t\t<\/div>\n\t\t\t\t<\/div>\n\t\t\t\t\t<\/div>\n\t\t<\/div>\n\t\t\t\t\t<\/div>\n\t\t<\/section>\n\t\t\t\t\t<\/div>\n\t\t<\/div>\n\t\t\t\t\t<\/div>\n\t\t<\/section>\n\t\t\t\t<\/div>","protected":false},"excerpt":{"rendered":"<p>About Us The Marx Global LLC Marx Global is a collaborative team of accomplishead individuals out to make a difference in the transportation industry. With over 20 years of proficiency in the field, Global Marx has the unique ability to anticipate each client&#8217;s needs. Marx Global combines experiences, resources, and skill-sets to meet the demands &hellip;<\/p>\n<p class=\"read-more\"> <a class=\"\" href=\"https:\/\/transexpresslimo.com\/pt\/about-us\/\"> <span class=\"screen-reader-text\">Sobre n\u00f3s<\/span> Leia mais &raquo;<\/a><\/p>","protected":false},"author":3,"featured_media":0,"parent":0,"menu_order":0,"comment_status":"closed","ping_status":"closed","template":"","meta":{"site-sidebar-layout":"no-sidebar","site-content-layout":"page-builder","ast-site-content-layout":"","site-content-style":"default","site-sidebar-style":"default","ast-global-header-display":"","ast-banner-title-visibility":"","ast-main-header-display":"","ast-hfb-above-header-display":"","ast-hfb-below-header-display":"","ast-hfb-mobile-header-display":"","site-post-title":"disabled","ast-breadcrumbs-content":"disabled","ast-featured-img":"disabled","footer-sml-layout":"","theme-transparent-header-meta":"enabled","adv-header-id-meta":"","stick-header-meta":"","header-above-stick-meta":"","header-main-stick-meta":"","header-below-stick-meta":"","astra-migrate-meta-layouts":"","footnotes":""},"class_list":["post-574","page","type-page","status-publish","hentry"],"_links":{"self":[{"href":"https:\/\/transexpresslimo.com\/pt\/wp-json\/wp\/v2\/pages\/574","targetHints":{"allow":["GET"]}}],"collection":[{"href":"https:\/\/transexpresslimo.com\/pt\/wp-json\/wp\/v2\/pages"}],"about":[{"href":"https:\/\/transexpresslimo.com\/pt\/wp-json\/wp\/v2\/types\/page"}],"author":[{"embeddable":true,"href":"https:\/\/transexpresslimo.com\/pt\/wp-json\/wp\/v2\/users\/3"}],"replies":[{"embeddable":true,"href":"https:\/\/transexpresslimo.com\/pt\/wp-json\/wp\/v2\/comments?post=574"}],"version-history":[{"count":34,"href":"https:\/\/transexpresslimo.com\/pt\/wp-json\/wp\/v2\/pages\/574\/revisions"}],"predecessor-version":[{"id":1254,"href":"https:\/\/transexpresslimo.com\/pt\/wp-json\/wp\/v2\/pages\/574\/revisions\/1254"}],"wp:attachment":[{"href":"https:\/\/transexpresslimo.com\/pt\/wp-json\/wp\/v2\/media?parent=574"}],"curies":[{"name":"wp","href":"https:\/\/api.w.org\/{rel}","templated":true}]}}