{"id":11,"date":"2021-02-23T10:05:00","date_gmt":"2021-02-23T10:05:00","guid":{"rendered":"https:\/\/transexpresslimo.com\/services\/"},"modified":"2023-10-20T02:47:45","modified_gmt":"2023-10-20T05:47:45","slug":"services","status":"publish","type":"page","link":"https:\/\/transexpresslimo.com\/pt\/services\/","title":{"rendered":"Servi\u00e7os"},"content":{"rendered":"<div data-elementor-type=\"wp-page\" data-elementor-id=\"11\" class=\"elementor elementor-11\" data-elementor-post-type=\"page\">\n\t\t\t\t<div class=\"elementor-element elementor-element-ca1ddce e-flex e-con-boxed e-con e-parent\" data-id=\"ca1ddce\" data-element_type=\"container\" data-settings=\"{&quot;background_background&quot;:&quot;classic&quot;}\">\n\t\t\t\t\t<div class=\"e-con-inner\">\n\t\t<div class=\"elementor-element elementor-element-5693240 e-con-full e-flex e-con e-child\" data-id=\"5693240\" data-element_type=\"container\">\n\t\t<div class=\"elementor-element elementor-element-ac1a566 e-con-full e-flex e-con e-child\" data-id=\"ac1a566\" data-element_type=\"container\">\n\t\t<div class=\"elementor-element elementor-element-a65d8ab e-con-full e-flex e-con e-child\" data-id=\"a65d8ab\" data-element_type=\"container\">\n\t\t\t\t<div class=\"elementor-element elementor-element-a4fbf95 elementor-widget elementor-widget-heading\" data-id=\"a4fbf95\" data-element_type=\"widget\" data-widget_type=\"heading.default\">\n\t\t\t\t<div class=\"elementor-widget-container\">\n\t\t\t\t\t<h1 class=\"elementor-heading-title elementor-size-default\">Servi\u00e7os<\/h1>\t\t\t\t<\/div>\n\t\t\t\t<\/div>\n\t\t\t\t<\/div>\n\t\t\t\t<\/div>\n\t\t\t\t<\/div>\n\t\t\t\t\t<\/div>\n\t\t\t\t<\/div>\n\t\t<div class=\"elementor-element elementor-element-8ac12fe e-flex e-con-boxed e-con e-parent\" data-id=\"8ac12fe\" data-element_type=\"container\" data-settings=\"{&quot;background_background&quot;:&quot;classic&quot;}\">\n\t\t\t\t\t<div class=\"e-con-inner\">\n\t\t<div class=\"elementor-element elementor-element-eac4fed e-con-full e-flex e-con e-child\" data-id=\"eac4fed\" data-element_type=\"container\">\n\t\t<div class=\"elementor-element elementor-element-57314c6 e-con-full e-flex e-con e-child\" data-id=\"57314c6\" data-element_type=\"container\">\n\t\t<div class=\"elementor-element elementor-element-099e176 e-con-full e-flex e-con e-child\" data-id=\"099e176\" data-element_type=\"container\">\n\t\t\t\t<div class=\"elementor-element elementor-element-4533743 elementor-widget elementor-widget-heading\" data-id=\"4533743\" data-element_type=\"widget\" data-widget_type=\"heading.default\">\n\t\t\t\t<div class=\"elementor-widget-container\">\n\t\t\t\t\t<h6 class=\"elementor-heading-title elementor-size-default\">Nossos servi\u00e7os<\/h6>\t\t\t\t<\/div>\n\t\t\t\t<\/div>\n\t\t\t\t<div class=\"elementor-element elementor-element-2bdf96c elementor-widget elementor-widget-heading\" data-id=\"2bdf96c\" data-element_type=\"widget\" data-widget_type=\"heading.default\">\n\t\t\t\t<div class=\"elementor-widget-container\">\n\t\t\t\t\t<h2 class=\"elementor-heading-title elementor-size-default\">Oferecemos servi\u00e7os de passeio de carro, log\u00edstica mundial e vendas de caba\u00e7a.<\/h2>\t\t\t\t<\/div>\n\t\t\t\t<\/div>\n\t\t\t\t<\/div>\n\t\t\t\t<\/div>\n\t\t<div class=\"elementor-element elementor-element-b1ed55b e-con-full e-flex e-con e-child\" data-id=\"b1ed55b\" data-element_type=\"container\">\n\t\t<div class=\"elementor-element elementor-element-aeb6266 e-con-full e-flex e-con e-child\" data-id=\"aeb6266\" data-element_type=\"container\">\n\t\t\t\t<div class=\"elementor-element elementor-element-79b104c elementor-widget-divider--view-line elementor-widget elementor-widget-divider\" data-id=\"79b104c\" data-element_type=\"widget\" data-widget_type=\"divider.default\">\n\t\t\t\t<div class=\"elementor-widget-container\">\n\t\t\t\t\t\t\t<div class=\"elementor-divider\">\n\t\t\t<span class=\"elementor-divider-separator\">\n\t\t\t\t\t\t<\/span>\n\t\t<\/div>\n\t\t\t\t\t\t<\/div>\n\t\t\t\t<\/div>\n\t\t\t\t<div class=\"elementor-element elementor-element-adee6c1 elementor-widget elementor-widget-image\" data-id=\"adee6c1\" data-element_type=\"widget\" data-widget_type=\"image.default\">\n\t\t\t\t<div class=\"elementor-widget-container\">\n\t\t\t\t\t\t\t\t\t\t\t\t\t\t\t<img fetchpriority=\"high\" decoding=\"async\" width=\"1024\" height=\"587\" src=\"https:\/\/transexpresslimo.com\/wp-content\/uploads\/2023\/09\/Screenshot-2023-09-22-at-2.42.43-AM-1024x587.png\" class=\"attachment-large size-large wp-image-627\" alt=\"\" srcset=\"https:\/\/transexpresslimo.com\/wp-content\/uploads\/2023\/09\/Screenshot-2023-09-22-at-2.42.43-AM-1024x587.png 1024w, https:\/\/transexpresslimo.com\/wp-content\/uploads\/2023\/09\/Screenshot-2023-09-22-at-2.42.43-AM-600x344.png 600w, https:\/\/transexpresslimo.com\/wp-content\/uploads\/2023\/09\/Screenshot-2023-09-22-at-2.42.43-AM-300x172.png 300w, https:\/\/transexpresslimo.com\/wp-content\/uploads\/2023\/09\/Screenshot-2023-09-22-at-2.42.43-AM-768x440.png 768w, https:\/\/transexpresslimo.com\/wp-content\/uploads\/2023\/09\/Screenshot-2023-09-22-at-2.42.43-AM-1536x881.png 1536w, https:\/\/transexpresslimo.com\/wp-content\/uploads\/2023\/09\/Screenshot-2023-09-22-at-2.42.43-AM.png 1932w\" sizes=\"(max-width: 1024px) 100vw, 1024px\" \/>\t\t\t\t\t\t\t\t\t\t\t\t\t\t\t<\/div>\n\t\t\t\t<\/div>\n\t\t\t\t<\/div>\n\t\t<div class=\"elementor-element elementor-element-2533d04 e-con-full e-flex e-con e-child\" data-id=\"2533d04\" data-element_type=\"container\">\n\t\t\t\t<div class=\"elementor-element elementor-element-d792711 elementor-widget-divider--view-line elementor-widget elementor-widget-divider\" data-id=\"d792711\" data-element_type=\"widget\" data-widget_type=\"divider.default\">\n\t\t\t\t<div class=\"elementor-widget-container\">\n\t\t\t\t\t\t\t<div class=\"elementor-divider\">\n\t\t\t<span class=\"elementor-divider-separator\">\n\t\t\t\t\t\t<\/span>\n\t\t<\/div>\n\t\t\t\t\t\t<\/div>\n\t\t\t\t<\/div>\n\t\t\t\t<div class=\"elementor-element elementor-element-143743c elementor-widget elementor-widget-heading\" data-id=\"143743c\" data-element_type=\"widget\" data-widget_type=\"heading.default\">\n\t\t\t\t<div class=\"elementor-widget-container\">\n\t\t\t\t\t<h3 class=\"elementor-heading-title elementor-size-default\">Servi\u00e7os de limusine<\/h3>\t\t\t\t<\/div>\n\t\t\t\t<\/div>\n\t\t\t\t<div class=\"elementor-element elementor-element-32919be elementor-widget elementor-widget-text-editor\" data-id=\"32919be\" data-element_type=\"widget\" data-widget_type=\"text-editor.default\">\n\t\t\t\t<div class=\"elementor-widget-container\">\n\t\t\t\t\t\t\t\t\t<p>O nosso website oferece reservas online uma solu\u00e7\u00e3o conveniente para ajudar no planejamento de sua viagem. Empresas e indiv\u00edduos podem gerenciar contas, atualizar informa\u00e7\u00f5es, e imprimir seus itiner\u00e1rios de viagem conforme desejarem e efetuar pagamentos de forma segura.\nFROTA MARX GLOBAL\n- Mercedes S-Class 450\/500\n- Sprinter\n- Cadillac Escalade.<\/p><p>FROTA MARX GLOBAL<br \/>&#8211; Mercedes S-Class 450\/500<br \/>&#8211; Sprinter<br \/>&#8211; Cadillac Escalade.<\/p>\t\t\t\t\t\t\t\t<\/div>\n\t\t\t\t<\/div>\n\t\t\t\t<div class=\"elementor-element elementor-element-579649d elementor-mobile-align-center elementor-widget elementor-widget-button\" data-id=\"579649d\" data-element_type=\"widget\" data-widget_type=\"button.default\">\n\t\t\t\t<div class=\"elementor-widget-container\">\n\t\t\t\t\t\t\t\t\t<div class=\"elementor-button-wrapper\">\n\t\t\t\t\t<a class=\"elementor-button elementor-button-link elementor-size-sm\" href=\"\/pt\/reservation\/\">\n\t\t\t\t\t\t<span class=\"elementor-button-content-wrapper\">\n\t\t\t\t\t\t\t\t\t<span class=\"elementor-button-text\">Fazer reserva <\/span>\n\t\t\t\t\t<\/span>\n\t\t\t\t\t<\/a>\n\t\t\t\t<\/div>\n\t\t\t\t\t\t\t\t<\/div>\n\t\t\t\t<\/div>\n\t\t\t\t<\/div>\n\t\t\t\t<\/div>\n\t\t<div class=\"elementor-element elementor-element-9233a66 e-con-full e-flex e-con e-child\" data-id=\"9233a66\" data-element_type=\"container\">\n\t\t<div class=\"elementor-element elementor-element-9fa8a3e e-con-full e-flex e-con e-child\" data-id=\"9fa8a3e\" data-element_type=\"container\">\n\t\t\t\t<div class=\"elementor-element elementor-element-80c3131 elementor-widget-divider--view-line elementor-widget elementor-widget-divider\" data-id=\"80c3131\" data-element_type=\"widget\" data-widget_type=\"divider.default\">\n\t\t\t\t<div class=\"elementor-widget-container\">\n\t\t\t\t\t\t\t<div class=\"elementor-divider\">\n\t\t\t<span class=\"elementor-divider-separator\">\n\t\t\t\t\t\t<\/span>\n\t\t<\/div>\n\t\t\t\t\t\t<\/div>\n\t\t\t\t<\/div>\n\t\t\t\t<div class=\"elementor-element elementor-element-d741a23 elementor-widget elementor-widget-image\" data-id=\"d741a23\" data-element_type=\"widget\" data-widget_type=\"image.default\">\n\t\t\t\t<div class=\"elementor-widget-container\">\n\t\t\t\t\t\t\t\t\t\t\t\t\t\t\t<img decoding=\"async\" width=\"1024\" height=\"682\" src=\"https:\/\/transexpresslimo.com\/wp-content\/uploads\/2023\/10\/G_Meteorb-1024x682.jpg\" class=\"attachment-large size-large wp-image-1228\" alt=\"\" srcset=\"https:\/\/transexpresslimo.com\/wp-content\/uploads\/2023\/10\/G_Meteorb-1024x682.jpg 1024w, https:\/\/transexpresslimo.com\/wp-content\/uploads\/2023\/10\/G_Meteorb-300x200.jpg 300w, https:\/\/transexpresslimo.com\/wp-content\/uploads\/2023\/10\/G_Meteorb-768x511.jpg 768w, https:\/\/transexpresslimo.com\/wp-content\/uploads\/2023\/10\/G_Meteorb-18x12.jpg 18w, https:\/\/transexpresslimo.com\/wp-content\/uploads\/2023\/10\/G_Meteorb-600x400.jpg 600w, https:\/\/transexpresslimo.com\/wp-content\/uploads\/2023\/10\/G_Meteorb.jpg 1500w\" sizes=\"(max-width: 1024px) 100vw, 1024px\" \/>\t\t\t\t\t\t\t\t\t\t\t\t\t\t\t<\/div>\n\t\t\t\t<\/div>\n\t\t\t\t<\/div>\n\t\t<div class=\"elementor-element elementor-element-bf58e21 e-con-full e-flex e-con e-child\" data-id=\"bf58e21\" data-element_type=\"container\">\n\t\t\t\t<div class=\"elementor-element elementor-element-1817712 elementor-widget-divider--view-line elementor-widget elementor-widget-divider\" data-id=\"1817712\" data-element_type=\"widget\" data-widget_type=\"divider.default\">\n\t\t\t\t<div class=\"elementor-widget-container\">\n\t\t\t\t\t\t\t<div class=\"elementor-divider\">\n\t\t\t<span class=\"elementor-divider-separator\">\n\t\t\t\t\t\t<\/span>\n\t\t<\/div>\n\t\t\t\t\t\t<\/div>\n\t\t\t\t<\/div>\n\t\t\t\t<div class=\"elementor-element elementor-element-1adbb77 elementor-widget elementor-widget-heading\" data-id=\"1adbb77\" data-element_type=\"widget\" data-widget_type=\"heading.default\">\n\t\t\t\t<div class=\"elementor-widget-container\">\n\t\t\t\t\t<h3 class=\"elementor-heading-title elementor-size-default\">Transporte Mundial<\/h3>\t\t\t\t<\/div>\n\t\t\t\t<\/div>\n\t\t\t\t<div class=\"elementor-element elementor-element-c0464f8 elementor-widget elementor-widget-text-editor\" data-id=\"c0464f8\" data-element_type=\"widget\" data-widget_type=\"text-editor.default\">\n\t\t\t\t<div class=\"elementor-widget-container\">\n\t\t\t\t\t\t\t\t\t<p>A Marx Global oferece a empresas de todos os tamanhos planos de transporte justos, de qualidade e confi\u00e1veis.<\/p>\t\t\t\t\t\t\t\t<\/div>\n\t\t\t\t<\/div>\n\t\t\t\t<div class=\"elementor-element elementor-element-f376bb6 elementor-mobile-align-center elementor-widget elementor-widget-button\" data-id=\"f376bb6\" data-element_type=\"widget\" data-widget_type=\"button.default\">\n\t\t\t\t<div class=\"elementor-widget-container\">\n\t\t\t\t\t\t\t\t\t<div class=\"elementor-button-wrapper\">\n\t\t\t\t\t<a class=\"elementor-button elementor-button-link elementor-size-sm\" href=\"\/pt\/contact\/\">\n\t\t\t\t\t\t<span class=\"elementor-button-content-wrapper\">\n\t\t\t\t\t\t\t\t\t<span class=\"elementor-button-text\">Contate-nos<\/span>\n\t\t\t\t\t<\/span>\n\t\t\t\t\t<\/a>\n\t\t\t\t<\/div>\n\t\t\t\t\t\t\t\t<\/div>\n\t\t\t\t<\/div>\n\t\t\t\t<\/div>\n\t\t\t\t<\/div>\n\t\t<div class=\"elementor-element elementor-element-59ac7c4 e-con-full e-flex e-con e-child\" data-id=\"59ac7c4\" data-element_type=\"container\">\n\t\t<div class=\"elementor-element elementor-element-2cd5ccb e-con-full e-flex e-con e-child\" data-id=\"2cd5ccb\" data-element_type=\"container\">\n\t\t\t\t<div class=\"elementor-element elementor-element-e2e2ab2 elementor-widget-divider--view-line elementor-widget elementor-widget-divider\" data-id=\"e2e2ab2\" data-element_type=\"widget\" data-widget_type=\"divider.default\">\n\t\t\t\t<div class=\"elementor-widget-container\">\n\t\t\t\t\t\t\t<div class=\"elementor-divider\">\n\t\t\t<span class=\"elementor-divider-separator\">\n\t\t\t\t\t\t<\/span>\n\t\t<\/div>\n\t\t\t\t\t\t<\/div>\n\t\t\t\t<\/div>\n\t\t\t\t<div class=\"elementor-element elementor-element-88b29cb elementor-widget elementor-widget-image\" data-id=\"88b29cb\" data-element_type=\"widget\" data-widget_type=\"image.default\">\n\t\t\t\t<div class=\"elementor-widget-container\">\n\t\t\t\t\t\t\t\t\t\t\t\t\t\t\t<img decoding=\"async\" width=\"1024\" height=\"486\" src=\"https:\/\/transexpresslimo.com\/wp-content\/uploads\/2023\/09\/hotel_services-1024x486.jpeg\" class=\"attachment-large size-large wp-image-927\" alt=\"\" srcset=\"https:\/\/transexpresslimo.com\/wp-content\/uploads\/2023\/09\/hotel_services-1024x486.jpeg 1024w, https:\/\/transexpresslimo.com\/wp-content\/uploads\/2023\/09\/hotel_services-600x285.jpeg 600w, https:\/\/transexpresslimo.com\/wp-content\/uploads\/2023\/09\/hotel_services-300x142.jpeg 300w, https:\/\/transexpresslimo.com\/wp-content\/uploads\/2023\/09\/hotel_services-768x365.jpeg 768w, https:\/\/transexpresslimo.com\/wp-content\/uploads\/2023\/09\/hotel_services.jpeg 1234w\" sizes=\"(max-width: 1024px) 100vw, 1024px\" \/>\t\t\t\t\t\t\t\t\t\t\t\t\t\t\t<\/div>\n\t\t\t\t<\/div>\n\t\t\t\t<\/div>\n\t\t<div class=\"elementor-element elementor-element-afd8f94 e-con-full e-flex e-con e-child\" data-id=\"afd8f94\" data-element_type=\"container\">\n\t\t\t\t<div class=\"elementor-element elementor-element-92fbd9a elementor-widget-divider--view-line elementor-widget elementor-widget-divider\" data-id=\"92fbd9a\" data-element_type=\"widget\" data-widget_type=\"divider.default\">\n\t\t\t\t<div class=\"elementor-widget-container\">\n\t\t\t\t\t\t\t<div class=\"elementor-divider\">\n\t\t\t<span class=\"elementor-divider-separator\">\n\t\t\t\t\t\t<\/span>\n\t\t<\/div>\n\t\t\t\t\t\t<\/div>\n\t\t\t\t<\/div>\n\t\t\t\t<div class=\"elementor-element elementor-element-2fa3842 elementor-widget elementor-widget-heading\" data-id=\"2fa3842\" data-element_type=\"widget\" data-widget_type=\"heading.default\">\n\t\t\t\t<div class=\"elementor-widget-container\">\n\t\t\t\t\t<h3 class=\"elementor-heading-title elementor-size-default\">SERVI\u00c7OS A HOTEL<\/h3>\t\t\t\t<\/div>\n\t\t\t\t<\/div>\n\t\t\t\t<div class=\"elementor-element elementor-element-f375b89 elementor-widget elementor-widget-text-editor\" data-id=\"f375b89\" data-element_type=\"widget\" data-widget_type=\"text-editor.default\">\n\t\t\t\t<div class=\"elementor-widget-container\">\n\t\t\t\t\t\t\t\t\t<p>A Marx Global est\u00e1 dispon\u00edvel para concierges de hot\u00e9is e h\u00f3spedes, ofere- cendo excelente servi\u00e7o de transporte para sua viagem; tanto de lazer, quanto reuni\u00f5es de neg\u00f3cios, ou entretenimento. Tamb\u00e9m fornecemos servi\u00e7os para hot\u00e9is durante a alta temporada de f\u00e9rias.<\/p>\t\t\t\t\t\t\t\t<\/div>\n\t\t\t\t<\/div>\n\t\t\t\t<div class=\"elementor-element elementor-element-d6f91ed elementor-mobile-align-center elementor-widget elementor-widget-button\" data-id=\"d6f91ed\" data-element_type=\"widget\" data-widget_type=\"button.default\">\n\t\t\t\t<div class=\"elementor-widget-container\">\n\t\t\t\t\t\t\t\t\t<div class=\"elementor-button-wrapper\">\n\t\t\t\t\t<a class=\"elementor-button elementor-button-link elementor-size-sm\" href=\"\/pt\/reservation\/\">\n\t\t\t\t\t\t<span class=\"elementor-button-content-wrapper\">\n\t\t\t\t\t\t\t\t\t<span class=\"elementor-button-text\">Fazer reserva<\/span>\n\t\t\t\t\t<\/span>\n\t\t\t\t\t<\/a>\n\t\t\t\t<\/div>\n\t\t\t\t\t\t\t\t<\/div>\n\t\t\t\t<\/div>\n\t\t\t\t<\/div>\n\t\t\t\t<\/div>\n\t\t<div class=\"elementor-element elementor-element-0b51fd9 e-con-full e-flex e-con e-child\" data-id=\"0b51fd9\" data-element_type=\"container\">\n\t\t<div class=\"elementor-element elementor-element-b4ec92d e-con-full e-flex e-con e-child\" data-id=\"b4ec92d\" data-element_type=\"container\">\n\t\t\t\t<div class=\"elementor-element elementor-element-effb0ca elementor-widget-divider--view-line elementor-widget elementor-widget-divider\" data-id=\"effb0ca\" data-element_type=\"widget\" data-widget_type=\"divider.default\">\n\t\t\t\t<div class=\"elementor-widget-container\">\n\t\t\t\t\t\t\t<div class=\"elementor-divider\">\n\t\t\t<span class=\"elementor-divider-separator\">\n\t\t\t\t\t\t<\/span>\n\t\t<\/div>\n\t\t\t\t\t\t<\/div>\n\t\t\t\t<\/div>\n\t\t\t\t<div class=\"elementor-element elementor-element-cfe9d9e elementor-widget elementor-widget-image\" data-id=\"cfe9d9e\" data-element_type=\"widget\" data-widget_type=\"image.default\">\n\t\t\t\t<div class=\"elementor-widget-container\">\n\t\t\t\t\t\t\t\t\t\t\t\t\t\t\t<img loading=\"lazy\" decoding=\"async\" width=\"1000\" height=\"668\" src=\"https:\/\/transexpresslimo.com\/wp-content\/uploads\/2023\/09\/B9BEE44E-A503-4900-ABDB-75B5EE974458.jpeg\" class=\"attachment-large size-large wp-image-928\" alt=\"\" srcset=\"https:\/\/transexpresslimo.com\/wp-content\/uploads\/2023\/09\/B9BEE44E-A503-4900-ABDB-75B5EE974458.jpeg 1000w, https:\/\/transexpresslimo.com\/wp-content\/uploads\/2023\/09\/B9BEE44E-A503-4900-ABDB-75B5EE974458-600x401.jpeg 600w, https:\/\/transexpresslimo.com\/wp-content\/uploads\/2023\/09\/B9BEE44E-A503-4900-ABDB-75B5EE974458-300x200.jpeg 300w, https:\/\/transexpresslimo.com\/wp-content\/uploads\/2023\/09\/B9BEE44E-A503-4900-ABDB-75B5EE974458-768x513.jpeg 768w\" sizes=\"(max-width: 1000px) 100vw, 1000px\" \/>\t\t\t\t\t\t\t\t\t\t\t\t\t\t\t<\/div>\n\t\t\t\t<\/div>\n\t\t\t\t<\/div>\n\t\t<div class=\"elementor-element elementor-element-e27b7b9 e-con-full e-flex e-con e-child\" data-id=\"e27b7b9\" data-element_type=\"container\">\n\t\t\t\t<div class=\"elementor-element elementor-element-417b70c elementor-widget-divider--view-line elementor-widget elementor-widget-divider\" data-id=\"417b70c\" data-element_type=\"widget\" data-widget_type=\"divider.default\">\n\t\t\t\t<div class=\"elementor-widget-container\">\n\t\t\t\t\t\t\t<div class=\"elementor-divider\">\n\t\t\t<span class=\"elementor-divider-separator\">\n\t\t\t\t\t\t<\/span>\n\t\t<\/div>\n\t\t\t\t\t\t<\/div>\n\t\t\t\t<\/div>\n\t\t\t\t<div class=\"elementor-element elementor-element-327c3d2 elementor-widget elementor-widget-heading\" data-id=\"327c3d2\" data-element_type=\"widget\" data-widget_type=\"heading.default\">\n\t\t\t\t<div class=\"elementor-widget-container\">\n\t\t\t\t\t<h3 class=\"elementor-heading-title elementor-size-default\">Vendas de caba\u00e7a mate\n<\/h3>\t\t\t\t<\/div>\n\t\t\t\t<\/div>\n\t\t\t\t<div class=\"elementor-element elementor-element-afb983b elementor-widget elementor-widget-text-editor\" data-id=\"afb983b\" data-element_type=\"widget\" data-widget_type=\"text-editor.default\">\n\t\t\t\t<div class=\"elementor-widget-container\">\n\t\t\t\t\t\t\t\t\t<p>Somos especializados na venda de copos de caba\u00e7a mate a um pre\u00e7o acess\u00edvel.<\/p>\t\t\t\t\t\t\t\t<\/div>\n\t\t\t\t<\/div>\n\t\t\t\t<div class=\"elementor-element elementor-element-7abb1bb elementor-mobile-align-center elementor-widget elementor-widget-button\" data-id=\"7abb1bb\" data-element_type=\"widget\" data-widget_type=\"button.default\">\n\t\t\t\t<div class=\"elementor-widget-container\">\n\t\t\t\t\t\t\t\t\t<div class=\"elementor-button-wrapper\">\n\t\t\t\t\t<a class=\"elementor-button elementor-button-link elementor-size-sm\" href=\"\/pt\/shop\/\">\n\t\t\t\t\t\t<span class=\"elementor-button-content-wrapper\">\n\t\t\t\t\t\t\t\t\t<span class=\"elementor-button-text\">Loja online<\/span>\n\t\t\t\t\t<\/span>\n\t\t\t\t\t<\/a>\n\t\t\t\t<\/div>\n\t\t\t\t\t\t\t\t<\/div>\n\t\t\t\t<\/div>\n\t\t\t\t<\/div>\n\t\t\t\t<\/div>\n\t\t\t\t<\/div>\n\t\t\t\t\t<\/div>\n\t\t\t\t<\/div>\n\t\t\t\t<section class=\"elementor-section elementor-top-section elementor-element elementor-element-7f656c4 elementor-section-boxed elementor-section-height-default elementor-section-height-default\" data-id=\"7f656c4\" data-element_type=\"section\" data-settings=\"{&quot;background_background&quot;:&quot;classic&quot;}\">\n\t\t\t\t\t\t\t<div class=\"elementor-background-overlay\"><\/div>\n\t\t\t\t\t\t\t<div class=\"elementor-container elementor-column-gap-no\">\n\t\t\t\t\t<div class=\"elementor-column elementor-col-100 elementor-top-column elementor-element elementor-element-8b4fdbc\" data-id=\"8b4fdbc\" data-element_type=\"column\">\n\t\t\t<div class=\"elementor-widget-wrap elementor-element-populated\">\n\t\t\t\t\t\t<section class=\"elementor-section elementor-inner-section elementor-element elementor-element-34df118 elementor-section-boxed elementor-section-height-default elementor-section-height-default\" data-id=\"34df118\" data-element_type=\"section\">\n\t\t\t\t\t\t<div class=\"elementor-container elementor-column-gap-no\">\n\t\t\t\t\t<div class=\"elementor-column elementor-col-100 elementor-inner-column elementor-element elementor-element-a335003\" data-id=\"a335003\" data-element_type=\"column\">\n\t\t\t<div class=\"elementor-widget-wrap elementor-element-populated\">\n\t\t\t\t\t\t<div class=\"elementor-element elementor-element-cbe06ab elementor-widget elementor-widget-heading\" data-id=\"cbe06ab\" data-element_type=\"widget\" data-widget_type=\"heading.default\">\n\t\t\t\t<div class=\"elementor-widget-container\">\n\t\t\t\t\t<h2 class=\"elementor-heading-title elementor-size-default\">Levando voc\u00ea a qualquer lugar que voc\u00ea possa imaginar.<\/h2>\t\t\t\t<\/div>\n\t\t\t\t<\/div>\n\t\t\t\t<div class=\"elementor-element elementor-element-399c00a elementor-widget elementor-widget-heading\" data-id=\"399c00a\" data-element_type=\"widget\" data-widget_type=\"heading.default\">\n\t\t\t\t<div class=\"elementor-widget-container\">\n\t\t\t\t\t<h3 class=\"elementor-heading-title elementor-size-default\">N\u00e3o s\u00f3 para festas, casamentos, casionos e anivers\u00e1rios, mas para qualquer lugar que voc\u00ea queira ir.<\/h3>\t\t\t\t<\/div>\n\t\t\t\t<\/div>\n\t\t\t\t\t<\/div>\n\t\t<\/div>\n\t\t\t\t\t<\/div>\n\t\t<\/section>\n\t\t\t\t<section class=\"elementor-section elementor-inner-section elementor-element elementor-element-634f372 elementor-section-boxed elementor-section-height-default elementor-section-height-default\" data-id=\"634f372\" data-element_type=\"section\">\n\t\t\t\t\t\t<div class=\"elementor-container elementor-column-gap-no\">\n\t\t\t\t\t<div class=\"elementor-column elementor-col-50 elementor-inner-column elementor-element elementor-element-5ce23a0\" data-id=\"5ce23a0\" data-element_type=\"column\">\n\t\t\t<div class=\"elementor-widget-wrap elementor-element-populated\">\n\t\t\t\t\t\t<div class=\"elementor-element elementor-element-64aceab elementor-mobile-align-center elementor-widget elementor-widget-button\" data-id=\"64aceab\" data-element_type=\"widget\" data-widget_type=\"button.default\">\n\t\t\t\t<div class=\"elementor-widget-container\">\n\t\t\t\t\t\t\t\t\t<div class=\"elementor-button-wrapper\">\n\t\t\t\t\t<a class=\"elementor-button elementor-button-link elementor-size-sm\" href=\"\/pt\/reservation\/\">\n\t\t\t\t\t\t<span class=\"elementor-button-content-wrapper\">\n\t\t\t\t\t\t\t\t\t<span class=\"elementor-button-text\">Alugue on-line<\/span>\n\t\t\t\t\t<\/span>\n\t\t\t\t\t<\/a>\n\t\t\t\t<\/div>\n\t\t\t\t\t\t\t\t<\/div>\n\t\t\t\t<\/div>\n\t\t\t\t\t<\/div>\n\t\t<\/div>\n\t\t\t\t<div class=\"elementor-column elementor-col-50 elementor-inner-column elementor-element elementor-element-069ea87\" data-id=\"069ea87\" data-element_type=\"column\">\n\t\t\t<div class=\"elementor-widget-wrap elementor-element-populated\">\n\t\t\t\t\t\t<div class=\"elementor-element elementor-element-3bc48eb elementor-widget elementor-widget-heading\" data-id=\"3bc48eb\" data-element_type=\"widget\" data-widget_type=\"heading.default\">\n\t\t\t\t<div class=\"elementor-widget-container\">\n\t\t\t\t\t<h6 class=\"elementor-heading-title elementor-size-default\">Ou nos ligue:<\/h6>\t\t\t\t<\/div>\n\t\t\t\t<\/div>\n\t\t\t\t<div class=\"elementor-element elementor-element-981e6b4 elementor-widget elementor-widget-heading\" data-id=\"981e6b4\" data-element_type=\"widget\" data-widget_type=\"heading.default\">\n\t\t\t\t<div class=\"elementor-widget-container\">\n\t\t\t\t\t<h3 class=\"elementor-heading-title elementor-size-default\">(310) 435-9247\n<\/h3>\t\t\t\t<\/div>\n\t\t\t\t<\/div>\n\t\t\t\t\t<\/div>\n\t\t<\/div>\n\t\t\t\t\t<\/div>\n\t\t<\/section>\n\t\t\t\t\t<\/div>\n\t\t<\/div>\n\t\t\t\t\t<\/div>\n\t\t<\/section>\n\t\t\t\t<\/div>","protected":false},"excerpt":{"rendered":"<p>Services Our Services We offer car ride services, worldwide logistics and sales of the gourd cup. Limo Car Services Marx Global\u00a0 offers online reservation &#8211; a convenient solution to help visitors plan trips, book dates and times, and print their traval itinerary. Businesses and individuals can even manage accounts, update information, and make secure payments. &hellip;<\/p>\n<p class=\"read-more\"> <a class=\"\" href=\"https:\/\/transexpresslimo.com\/pt\/services\/\"> <span class=\"screen-reader-text\">Servi\u00e7os<\/span> Leia mais &raquo;<\/a><\/p>","protected":false},"author":3,"featured_media":0,"parent":0,"menu_order":0,"comment_status":"closed","ping_status":"closed","template":"","meta":{"site-sidebar-layout":"no-sidebar","site-content-layout":"page-builder","ast-site-content-layout":"","site-content-style":"default","site-sidebar-style":"default","ast-global-header-display":"","ast-banner-title-visibility":"","ast-main-header-display":"","ast-hfb-above-header-display":"","ast-hfb-below-header-display":"","ast-hfb-mobile-header-display":"","site-post-title":"disabled","ast-breadcrumbs-content":"disabled","ast-featured-img":"disabled","footer-sml-layout":"","theme-transparent-header-meta":"enabled","adv-header-id-meta":"","stick-header-meta":"","header-above-stick-meta":"","header-main-stick-meta":"","header-below-stick-meta":"","astra-migrate-meta-layouts":"","footnotes":""},"class_list":["post-11","page","type-page","status-publish","hentry"],"_links":{"self":[{"href":"https:\/\/transexpresslimo.com\/pt\/wp-json\/wp\/v2\/pages\/11","targetHints":{"allow":["GET"]}}],"collection":[{"href":"https:\/\/transexpresslimo.com\/pt\/wp-json\/wp\/v2\/pages"}],"about":[{"href":"https:\/\/transexpresslimo.com\/pt\/wp-json\/wp\/v2\/types\/page"}],"author":[{"embeddable":true,"href":"https:\/\/transexpresslimo.com\/pt\/wp-json\/wp\/v2\/users\/3"}],"replies":[{"embeddable":true,"href":"https:\/\/transexpresslimo.com\/pt\/wp-json\/wp\/v2\/comments?post=11"}],"version-history":[{"count":55,"href":"https:\/\/transexpresslimo.com\/pt\/wp-json\/wp\/v2\/pages\/11\/revisions"}],"predecessor-version":[{"id":1257,"href":"https:\/\/transexpresslimo.com\/pt\/wp-json\/wp\/v2\/pages\/11\/revisions\/1257"}],"wp:attachment":[{"href":"https:\/\/transexpresslimo.com\/pt\/wp-json\/wp\/v2\/media?parent=11"}],"curies":[{"name":"wp","href":"https:\/\/api.w.org\/{rel}","templated":true}]}}